{"id":155,"date":"2018-01-02T13:17:33","date_gmt":"2018-01-02T12:17:33","guid":{"rendered":"http:\/\/kooptest.techtrrrs.com\/?page_id=155"},"modified":"2021-10-16T00:40:35","modified_gmt":"2021-10-15T23:40:35","slug":"honorary-members","status":"publish","type":"page","link":"https:\/\/www.filmkoopwien.at\/de\/honorary-members\/","title":{"rendered":"Ehrenmitglieder"},"content":{"rendered":"<p class=\"qtranxs-available-languages-message qtranxs-available-languages-message-de\">(Dieser Inhalt ist nur auf Englisch verf\u00fcgbar)<\/p><p>Josephine Ahnelt<br \/>\nPiers Erbsl\u00f6h<br \/>\nFriedl vom Gr\u00f6ller<br \/>\nRebecca Gross<br \/>\nMilena Krobath<br \/>\nPeter Miller<br \/>\nMagdalena Pfeiffer<br \/>\nAdele Raczk\u00f6vi<br \/>\nWerner Raczk\u00f6vi<br \/>\nViktor Schaider<br \/>\nViktoria Schmid<br \/>\nHubert Sielecki<br \/>\nNadine Taschler<br \/>\nAntoinette Zwirchmayr<\/p>","protected":false},"excerpt":{"rendered":"<p>(Dieser Inhalt ist nur auf Englisch verf\u00fcgbar)Josephine Ahnelt Piers Erbsl\u00f6h Friedl vom Gr\u00f6ller Rebecca Gross Milena Krobath Peter Miller Magdalena Pfeiffer Adele Raczk\u00f6vi Werner Raczk\u00f6vi Viktor Schaider Viktoria Schmid Hubert Sielecki Nadine Taschler Antoinette Zwirchmayr<\/p>\n","protected":false},"author":1,"featured_media":0,"parent":0,"menu_order":0,"comment_status":"closed","ping_status":"closed","template":"","meta":{"footnotes":""},"_links":{"self":[{"href":"https:\/\/www.filmkoopwien.at\/de\/wp-json\/wp\/v2\/pages\/155"}],"collection":[{"href":"https:\/\/www.filmkoopwien.at\/de\/wp-json\/wp\/v2\/pages"}],"about":[{"href":"https:\/\/www.filmkoopwien.at\/de\/wp-json\/wp\/v2\/types\/page"}],"author":[{"embeddable":true,"href":"https:\/\/www.filmkoopwien.at\/de\/wp-json\/wp\/v2\/users\/1"}],"replies":[{"embeddable":true,"href":"https:\/\/www.filmkoopwien.at\/de\/wp-json\/wp\/v2\/comments?post=155"}],"version-history":[{"count":13,"href":"https:\/\/www.filmkoopwien.at\/de\/wp-json\/wp\/v2\/pages\/155\/revisions"}],"predecessor-version":[{"id":1505,"href":"https:\/\/www.filmkoopwien.at\/de\/wp-json\/wp\/v2\/pages\/155\/revisions\/1505"}],"wp:attachment":[{"href":"https:\/\/www.filmkoopwien.at\/de\/wp-json\/wp\/v2\/media?parent=155"}],"curies":[{"name":"wp","href":"https:\/\/api.w.org\/{rel}","templated":true}]}}